{"id":8994,"date":"2021-04-14T12:17:44","date_gmt":"2021-04-14T12:17:44","guid":{"rendered":"https:\/\/bojan.mwbalance.com\/?page_id=8994"},"modified":"2021-05-07T10:15:16","modified_gmt":"2021-05-07T10:15:16","slug":"gelita","status":"publish","type":"page","link":"https:\/\/bojan.mwbalance.com\/de\/gelita\/","title":{"rendered":"Gelita"},"content":{"rendered":"<section class=\"l-section wpb_row height_medium\"><div class=\"l-section-h i-cf\"><div class=\"g-cols via_flex valign_top type_default\"><div class=\"vc_col-sm-2 wpb_column vc_column_container\"><div class=\"vc_column-inner\"><div class=\"wpb_wrapper\"><\/div><\/div><\/div><div class=\"vc_col-sm-8 wpb_column vc_column_container\"><div class=\"vc_column-inner\"><div class=\"wpb_wrapper\"><div class=\"wpb_text_column\"><div class=\"wpb_wrapper\"><h1 style=\"text-align: center;\"><a href=\"https:\/\/www.gelita.com\/en\" target=\"_blank\" rel=\"noopener noreferrer\">GELITA\u00a0<\/a><\/h1>\n<\/div><\/div><\/div><\/div><\/div><div class=\"vc_col-sm-2 wpb_column vc_column_container\"><div class=\"vc_column-inner\"><div class=\"wpb_wrapper\"><\/div><\/div><\/div><\/div><\/div><\/section><section class=\"l-section wpb_row height_auto\"><div class=\"l-section-h i-cf\"><div class=\"g-cols via_flex valign_middle type_default\"><div class=\"vc_col-sm-6 wpb_column vc_column_container stretched\"><div class=\"vc_column-inner us_custom_e6b302da\"><div class=\"wpb_wrapper\"><div class=\"w-image has_ratio align_none us_animate_afl\"><div class=\"w-image-h\"><div style=\"padding-bottom:56.2500%\"><\/div><img loading=\"lazy\" decoding=\"async\" width=\"1920\" height=\"1080\" src=\"https:\/\/bojan.mwbalance.com\/wp-content\/uploads\/2021\/04\/Gelita-Building.jpg\" class=\"attachment-full size-full\" alt=\"Gelita Building\" srcset=\"https:\/\/bojan.mwbalance.com\/wp-content\/uploads\/2021\/04\/Gelita-Building.jpg 1920w, https:\/\/bojan.mwbalance.com\/wp-content\/uploads\/2021\/04\/Gelita-Building-300x169.jpg 300w, https:\/\/bojan.mwbalance.com\/wp-content\/uploads\/2021\/04\/Gelita-Building-1024x576.jpg 1024w, https:\/\/bojan.mwbalance.com\/wp-content\/uploads\/2021\/04\/Gelita-Building-350x197.jpg 350w, https:\/\/bojan.mwbalance.com\/wp-content\/uploads\/2021\/04\/Gelita-Building-178x100.jpg 178w, https:\/\/bojan.mwbalance.com\/wp-content\/uploads\/2021\/04\/Gelita-Building-600x338.jpg 600w\" sizes=\"auto, (max-width: 1920px) 100vw, 1920px\" \/><\/div><\/div><\/div><\/div><\/div><div class=\"vc_col-sm-6 wpb_column vc_column_container\"><div class=\"vc_column-inner\"><div class=\"wpb_wrapper\"><div class=\"wpb_text_column\"><div class=\"wpb_wrapper\"><p>GELITA AG hat den Weg f\u00fcr nachhaltige Marktf\u00fchrerschaft gebahnt, indem es der weltf\u00fchrende Lieferant von Kollagenproteinen und Erzeuger profitablen und nachhaltigen weltweiten Marktanteilwachstums ist.<\/p>\n<\/div><\/div><\/div><\/div><\/div><\/div><\/div><\/section><section class=\"l-section wpb_row height_auto\"><div class=\"l-section-h i-cf\"><div class=\"g-cols via_flex valign_middle type_default reversed\"><div class=\"vc_col-sm-6 wpb_column vc_column_container\"><div class=\"vc_column-inner\"><div class=\"wpb_wrapper\"><div class=\"wpb_text_column\"><div class=\"wpb_wrapper\"><p>Mit der Mission zur Verbesserung der Lebensqualit\u00e4t strebt GELITA stetig danach, entwickelnde Trends zu ermitteln und kontinuierlich in Forschung und Entwicklung zu investieren.<\/p>\n<\/div><\/div><\/div><\/div><\/div><div class=\"vc_col-sm-6 wpb_column vc_column_container stretched\"><div class=\"vc_column-inner us_custom_ed1d14ae\"><div class=\"wpb_wrapper\"><div class=\"w-image us_custom_2cfff7c5 align_none us_animate_afr\"><div class=\"w-image-h\"><img loading=\"lazy\" decoding=\"async\" width=\"1920\" height=\"1080\" src=\"https:\/\/bojan.mwbalance.com\/wp-content\/uploads\/2021\/04\/Fortigel-Collagen-Peptide.jpg\" class=\"attachment-full size-full\" alt=\"Fortigel Collagen Peptide Improving quality of life\" srcset=\"https:\/\/bojan.mwbalance.com\/wp-content\/uploads\/2021\/04\/Fortigel-Collagen-Peptide.jpg 1920w, https:\/\/bojan.mwbalance.com\/wp-content\/uploads\/2021\/04\/Fortigel-Collagen-Peptide-300x169.jpg 300w, https:\/\/bojan.mwbalance.com\/wp-content\/uploads\/2021\/04\/Fortigel-Collagen-Peptide-1024x576.jpg 1024w, https:\/\/bojan.mwbalance.com\/wp-content\/uploads\/2021\/04\/Fortigel-Collagen-Peptide-350x197.jpg 350w, https:\/\/bojan.mwbalance.com\/wp-content\/uploads\/2021\/04\/Fortigel-Collagen-Peptide-178x100.jpg 178w, https:\/\/bojan.mwbalance.com\/wp-content\/uploads\/2021\/04\/Fortigel-Collagen-Peptide-600x338.jpg 600w\" sizes=\"auto, (max-width: 1920px) 100vw, 1920px\" \/><\/div><\/div><\/div><\/div><\/div><\/div><\/div><\/section><section class=\"l-section wpb_row height_auto\"><div class=\"l-section-h i-cf\"><div class=\"g-cols via_flex valign_middle type_default\"><div class=\"vc_col-sm-6 wpb_column vc_column_container stretched\"><div class=\"vc_column-inner us_custom_e6b302da\"><div class=\"wpb_wrapper\"><div class=\"w-image has_ratio align_none us_animate_afl\"><div class=\"w-image-h\"><div style=\"padding-bottom:56.2500%\"><\/div><img loading=\"lazy\" decoding=\"async\" width=\"1920\" height=\"1080\" src=\"https:\/\/bojan.mwbalance.com\/wp-content\/uploads\/2021\/04\/Manufacturing-Gelita.jpg\" class=\"attachment-full size-full\" alt=\"Production of Raw materials at Gelita\" srcset=\"https:\/\/bojan.mwbalance.com\/wp-content\/uploads\/2021\/04\/Manufacturing-Gelita.jpg 1920w, https:\/\/bojan.mwbalance.com\/wp-content\/uploads\/2021\/04\/Manufacturing-Gelita-300x169.jpg 300w, https:\/\/bojan.mwbalance.com\/wp-content\/uploads\/2021\/04\/Manufacturing-Gelita-1024x576.jpg 1024w, https:\/\/bojan.mwbalance.com\/wp-content\/uploads\/2021\/04\/Manufacturing-Gelita-350x197.jpg 350w, https:\/\/bojan.mwbalance.com\/wp-content\/uploads\/2021\/04\/Manufacturing-Gelita-178x100.jpg 178w, https:\/\/bojan.mwbalance.com\/wp-content\/uploads\/2021\/04\/Manufacturing-Gelita-600x338.jpg 600w\" sizes=\"auto, (max-width: 1920px) 100vw, 1920px\" \/><\/div><\/div><\/div><\/div><\/div><div class=\"vc_col-sm-6 wpb_column vc_column_container\"><div class=\"vc_column-inner\"><div class=\"wpb_wrapper\"><div class=\"wpb_text_column\"><div class=\"wpb_wrapper\"><p>GELITA ist ein Familienunternehmen mit einer langen Erfolgsgeschichte, das auf Tugenden wie Wirksamkeit, Kundenorientierung, Qualit\u00e4tsbewusstsein und langfristige Rentabilit\u00e4t basiert ist. Heute, als marktf\u00fchrender Lieferant von Kollagenproteinen, wachsen und expandieren sie weiterhin. Qualit\u00e4t ist immer noch der Schl\u00fcssel f\u00fcr ihren langj\u00e4hrigen Erfolg sowie Kundenvertrauen und wird dies auch immer sein.<\/p>\n<\/div><\/div><\/div><\/div><\/div><\/div><\/div><\/section><section class=\"l-section wpb_row height_huge with_img parallax_fixed\"><div class=\"l-section-img\" style=\"background-image: url(https:\/\/bojan.mwbalance.com\/wp-content\/uploads\/2021\/04\/Gelita-Headquater.jpg);background-position: top center;\" data-img-width=\"1920\" data-img-height=\"1080\"><\/div><div class=\"l-section-overlay\" style=\"background:rgba(15,19,31,0.30)\"><\/div><div class=\"l-section-h i-cf\"><div class=\"g-cols via_flex valign_middle type_boxes\"><div class=\"vc_col-sm-12 wpb_column vc_column_container\"><div class=\"vc_column-inner\"><div class=\"wpb_wrapper\"><div class=\"wpb_text_column us_custom_836f727b has_text_color\"><div class=\"wpb_wrapper\"><h4 style=\"text-align: center;\">Nachhaltig verwaltet seit 140 Jahren<\/h4>\n<\/div><\/div><div class=\"w-btn-wrapper align_center\"><a class=\"w-btn us-btn-style_2 us_custom_836f727b\" title=\"Einkauf\" href=\"https:\/\/bojan.mwbalance.com\/de\/einkauf\/\"><span class=\"w-btn-label\">UNSER SHOP<\/span><\/a><\/div><\/div><\/div><\/div><\/div><\/div><\/section>\n","protected":false},"excerpt":{"rendered":"GELITA\u00a0 GELITA AG hat den Weg f\u00fcr nachhaltige Marktf\u00fchrerschaft gebahnt, indem es der weltf\u00fchrende Lieferant von Kollagenproteinen und Erzeuger profitablen und nachhaltigen weltweiten Marktanteilwachstums ist. Mit der Mission zur Verbesserung der Lebensqualit\u00e4t strebt GELITA stetig danach, entwickelnde Trends zu ermitteln und kontinuierlich in Forschung und Entwicklung zu investieren. GELITA ist ein Familienunternehmen mit einer langen...","protected":false},"author":1,"featured_media":9026,"parent":0,"menu_order":0,"comment_status":"closed","ping_status":"closed","template":"","meta":{"footnotes":""},"class_list":["post-8994","page","type-page","status-publish","has-post-thumbnail","hentry"],"yoast_head":"<!-- This site is optimized with the Yoast SEO plugin v18.2 - https:\/\/yoast.com\/wordpress\/plugins\/seo\/ -->\n<title>Gelita - ACTEN<\/title>\n<meta name=\"robots\" content=\"noindex, follow, max-snippet:-1, max-image-preview:large, max-video-preview:-1\" \/>\n<meta property=\"og:locale\" content=\"de_DE\" \/>\n<meta property=\"og:type\" content=\"article\" \/>\n<meta property=\"og:title\" content=\"Gelita - ACTEN\" \/>\n<meta property=\"og:url\" content=\"https:\/\/bojan.mwbalance.com\/de\/gelita\/\" \/>\n<meta property=\"og:site_name\" content=\"ACTEN\" \/>\n<meta property=\"article:modified_time\" content=\"2021-05-07T10:15:16+00:00\" \/>\n<meta property=\"og:image\" content=\"https:\/\/bojan.mwbalance.com\/wp-content\/uploads\/2021\/04\/Logo-Gelita_grey.png\" \/>\n\t<meta property=\"og:image:width\" content=\"500\" \/>\n\t<meta property=\"og:image:height\" content=\"166\" \/>\n\t<meta property=\"og:image:type\" content=\"image\/png\" \/>\n<meta name=\"twitter:card\" content=\"summary_large_image\" \/>\n<meta name=\"twitter:label1\" content=\"Gesch\u00e4tzte Lesezeit\" \/>\n\t<meta name=\"twitter:data1\" content=\"2\u00a0Minuten\" \/>\n<script type=\"application\/ld+json\" class=\"yoast-schema-graph\">{\"@context\":\"https:\/\/schema.org\",\"@graph\":[{\"@type\":\"WebSite\",\"@id\":\"https:\/\/bojan.mwbalance.com\/#website\",\"url\":\"https:\/\/bojan.mwbalance.com\/\",\"name\":\"ACTEN\",\"description\":\"der nat\u00fcrliche Entz\u00fcndungshemmer\",\"potentialAction\":[{\"@type\":\"SearchAction\",\"target\":{\"@type\":\"EntryPoint\",\"urlTemplate\":\"https:\/\/bojan.mwbalance.com\/?s={search_term_string}\"},\"query-input\":\"required name=search_term_string\"}],\"inLanguage\":\"de\"},{\"@type\":\"ImageObject\",\"@id\":\"https:\/\/bojan.mwbalance.com\/de\/gelita\/#primaryimage\",\"inLanguage\":\"de\",\"url\":\"https:\/\/bojan.mwbalance.com\/wp-content\/uploads\/2021\/04\/Logo-Gelita_grey.png\",\"contentUrl\":\"https:\/\/bojan.mwbalance.com\/wp-content\/uploads\/2021\/04\/Logo-Gelita_grey.png\",\"width\":500,\"height\":166,\"caption\":\"Gelita Improving quality of life\"},{\"@type\":\"WebPage\",\"@id\":\"https:\/\/bojan.mwbalance.com\/de\/gelita\/#webpage\",\"url\":\"https:\/\/bojan.mwbalance.com\/de\/gelita\/\",\"name\":\"Gelita - ACTEN\",\"isPartOf\":{\"@id\":\"https:\/\/bojan.mwbalance.com\/#website\"},\"primaryImageOfPage\":{\"@id\":\"https:\/\/bojan.mwbalance.com\/de\/gelita\/#primaryimage\"},\"datePublished\":\"2021-04-14T12:17:44+00:00\",\"dateModified\":\"2021-05-07T10:15:16+00:00\",\"breadcrumb\":{\"@id\":\"https:\/\/bojan.mwbalance.com\/de\/gelita\/#breadcrumb\"},\"inLanguage\":\"de\",\"potentialAction\":[{\"@type\":\"ReadAction\",\"target\":[\"https:\/\/bojan.mwbalance.com\/de\/gelita\/\"]}]},{\"@type\":\"BreadcrumbList\",\"@id\":\"https:\/\/bojan.mwbalance.com\/de\/gelita\/#breadcrumb\",\"itemListElement\":[{\"@type\":\"ListItem\",\"position\":1,\"name\":\"Home\",\"item\":\"https:\/\/bojan.mwbalance.com\/de\/\"},{\"@type\":\"ListItem\",\"position\":2,\"name\":\"Gelita\"}]}]}<\/script>\n<!-- \/ Yoast SEO plugin. -->","yoast_head_json":{"title":"Gelita - ACTEN","robots":{"index":"noindex","follow":"follow","max-snippet":"max-snippet:-1","max-image-preview":"max-image-preview:large","max-video-preview":"max-video-preview:-1"},"og_locale":"de_DE","og_type":"article","og_title":"Gelita - ACTEN","og_url":"https:\/\/bojan.mwbalance.com\/de\/gelita\/","og_site_name":"ACTEN","article_modified_time":"2021-05-07T10:15:16+00:00","og_image":[{"width":500,"height":166,"url":"https:\/\/bojan.mwbalance.com\/wp-content\/uploads\/2021\/04\/Logo-Gelita_grey.png","type":"image\/png"}],"twitter_card":"summary_large_image","twitter_misc":{"Gesch\u00e4tzte Lesezeit":"2\u00a0Minuten"},"schema":{"@context":"https:\/\/schema.org","@graph":[{"@type":"WebSite","@id":"https:\/\/bojan.mwbalance.com\/#website","url":"https:\/\/bojan.mwbalance.com\/","name":"ACTEN","description":"der nat\u00fcrliche Entz\u00fcndungshemmer","potentialAction":[{"@type":"SearchAction","target":{"@type":"EntryPoint","urlTemplate":"https:\/\/bojan.mwbalance.com\/?s={search_term_string}"},"query-input":"required name=search_term_string"}],"inLanguage":"de"},{"@type":"ImageObject","@id":"https:\/\/bojan.mwbalance.com\/de\/gelita\/#primaryimage","inLanguage":"de","url":"https:\/\/bojan.mwbalance.com\/wp-content\/uploads\/2021\/04\/Logo-Gelita_grey.png","contentUrl":"https:\/\/bojan.mwbalance.com\/wp-content\/uploads\/2021\/04\/Logo-Gelita_grey.png","width":500,"height":166,"caption":"Gelita Improving quality of life"},{"@type":"WebPage","@id":"https:\/\/bojan.mwbalance.com\/de\/gelita\/#webpage","url":"https:\/\/bojan.mwbalance.com\/de\/gelita\/","name":"Gelita - ACTEN","isPartOf":{"@id":"https:\/\/bojan.mwbalance.com\/#website"},"primaryImageOfPage":{"@id":"https:\/\/bojan.mwbalance.com\/de\/gelita\/#primaryimage"},"datePublished":"2021-04-14T12:17:44+00:00","dateModified":"2021-05-07T10:15:16+00:00","breadcrumb":{"@id":"https:\/\/bojan.mwbalance.com\/de\/gelita\/#breadcrumb"},"inLanguage":"de","potentialAction":[{"@type":"ReadAction","target":["https:\/\/bojan.mwbalance.com\/de\/gelita\/"]}]},{"@type":"BreadcrumbList","@id":"https:\/\/bojan.mwbalance.com\/de\/gelita\/#breadcrumb","itemListElement":[{"@type":"ListItem","position":1,"name":"Home","item":"https:\/\/bojan.mwbalance.com\/de\/"},{"@type":"ListItem","position":2,"name":"Gelita"}]}]}},"_links":{"self":[{"href":"https:\/\/bojan.mwbalance.com\/de\/wp-json\/wp\/v2\/pages\/8994","targetHints":{"allow":["GET"]}}],"collection":[{"href":"https:\/\/bojan.mwbalance.com\/de\/wp-json\/wp\/v2\/pages"}],"about":[{"href":"https:\/\/bojan.mwbalance.com\/de\/wp-json\/wp\/v2\/types\/page"}],"author":[{"embeddable":true,"href":"https:\/\/bojan.mwbalance.com\/de\/wp-json\/wp\/v2\/users\/1"}],"replies":[{"embeddable":true,"href":"https:\/\/bojan.mwbalance.com\/de\/wp-json\/wp\/v2\/comments?post=8994"}],"version-history":[{"count":7,"href":"https:\/\/bojan.mwbalance.com\/de\/wp-json\/wp\/v2\/pages\/8994\/revisions"}],"predecessor-version":[{"id":10240,"href":"https:\/\/bojan.mwbalance.com\/de\/wp-json\/wp\/v2\/pages\/8994\/revisions\/10240"}],"wp:featuredmedia":[{"embeddable":true,"href":"https:\/\/bojan.mwbalance.com\/de\/wp-json\/wp\/v2\/media\/9026"}],"wp:attachment":[{"href":"https:\/\/bojan.mwbalance.com\/de\/wp-json\/wp\/v2\/media?parent=8994"}],"curies":[{"name":"wp","href":"https:\/\/api.w.org\/{rel}","templated":true}]}}